{"id":987516761,"date":"2026-01-04T12:51:35","date_gmt":"2026-01-04T12:51:35","guid":{"rendered":"https:\/\/mallorcagraphics.com\/acerca-de\/"},"modified":"2026-02-14T16:36:51","modified_gmt":"2026-02-14T16:36:51","slug":"acerca-de","status":"publish","type":"page","link":"https:\/\/mallorcagraphics.com\/es\/acerca-de\/","title":{"rendered":"Acerca de"},"content":{"rendered":"<div class=\"et_pb_section_0 et_pb_section et_section_regular et_block_section preset--module--divi-section--74c69059-8e69-4122-b1e6-dfeabf6c5711\"><span class=\"et_pb_background_pattern\"><\/span>\n<div class=\"et_pb_row_0 et_pb_row et_flex_row preset--group--divi-row--divi-layout--tshh3ozcbi\">\n<div class=\"et_pb_column_0 et_pb_column et-last-child et_flex_column et_pb_css_mix_blend_mode_passthrough et_flex_column_24_24 et_flex_column_24_24_tablet et_flex_column_24_24_phone et_flex_column_24_24_phoneWide et_flex_column_24_24_tabletWide preset--group--divi-column--divi-layout--tshh3ozcbi\">\n<div class=\"et_pb_heading_0 et_pb_heading et_pb_module et_flex_module preset--group--divi-heading--divi-font--1jfqcrlnpb\"><div class=\"et_pb_heading_container\"><h1 class=\"et_pb_module_header\" data-et-mv-hidden-tabletwide=\"true\" data-et-mv-hidden-tablet=\"true\">Acerca de<\/h1><\/div><\/div>\n\n<div class=\"et_pb_heading_1 et_pb_heading et_pb_module et_flex_module preset--group--divi-heading--divi-font--1jfqcrlnpb\"><div class=\"et_pb_heading_container\"><h1 class=\"et_pb_module_header\" data-et-mv-hidden-tabletwide=\"true\" data-et-mv-hidden-tablet=\"true\">Gr\u00e1ficos de Mallorca<\/h1><\/div><\/div>\n\n<div class=\"et_pb_heading_2 et_pb_heading et_pb_module et_flex_module\"><div class=\"et_pb_heading_container\"><h3 class=\"et_pb_module_header\">Donde confluyen dise\u00f1o, c\u00f3digo y estrategia<\/h3><\/div><\/div>\n<\/div>\n<\/div>\n<\/div>\n\n<div class=\"et_pb_section_1 et_pb_section et_section_regular et_flex_section\">\n<div class=\"et_pb_row_1 et_pb_row et_flex_row\">\n<div class=\"et_pb_column_1 et_pb_column et-last-child et_flex_column et_pb_css_mix_blend_mode_passthrough et_flex_column_24_24 et_flex_column_24_24_tablet et_flex_column_24_24_phone et_flex_column_24_24_phoneWide et_flex_column_24_24_tabletWide preset--group--divi-column--divi-layout--tshh3ozcbi\">\n<div class=\"et_pb_heading_3 et_pb_heading et_pb_module et_flex_module preset--group--divi-heading--divi-font--jnk33ap9dy\"><div class=\"et_pb_heading_container\"><h2 class=\"et_pb_module_header\">Mallorca Graphics es una agencia digital de servicios integrales que ofrece soluciones estrat\u00e9gicas de dise\u00f1o, desarrollo y contenidos para empresas de EE.UU., Espa\u00f1a (Mallorca) y Europa.<\/h2><\/div><\/div>\n\n<div class=\"et_pb_row_2 et_pb_row et_pb_row_nested et_flex_row\">\n<div class=\"et_pb_column_2 et_pb_column et-last-child et_flex_column et_pb_css_mix_blend_mode_passthrough et_flex_column_24_24 et_flex_column_24_24_tablet et_flex_column_24_24_phone et_flex_column_24_24_phoneWide et_flex_column_24_24_tabletWide preset--group--divi-column--divi-layout--tshh3ozcbi\">\n<div class=\"et_pb_text_0 et_pb_text et_pb_bg_layout_light et_pb_module et_flex_module preset--group--divi-text--divi-font-body--a2xyn5e80i\"><div class=\"et_pb_text_inner\"><p>Mallorca Graphics fue fundada en 2008 por Pedro \u00c1lvarez. Mallorca Graphics se cre\u00f3 para ayudar a las empresas a construir identidades digitales s\u00f3lidas mediante un dise\u00f1o estrat\u00e9gico y fiable. Lo que empez\u00f3 como un estudio centrado en el dise\u00f1o evolucion\u00f3 r\u00e1pidamente hasta convertirse en una agencia multidisciplinar que ofrece servicios digitales integrales.  <\/p>\n<\/div><\/div>\n\n<div class=\"et_pb_heading_4 et_pb_heading et_pb_module et_flex_module preset--group--divi-heading--divi-font--qrdb463msw\"><div class=\"et_pb_heading_container\"><h3 class=\"et_pb_module_header\">Crecimiento estrat\u00e9gico mediante la asociaci\u00f3n internacional<\/h3><\/div><\/div>\n\n<div class=\"et_pb_text_1 et_pb_text et_pb_bg_layout_light et_pb_module et_flex_module preset--group--divi-text--divi-font-body--a2xyn5e80i\"><div class=\"et_pb_text_inner\"><p>En 2010, formamos una asociaci\u00f3n estrat\u00e9gica con un desarrollador de software s\u00e9nior con sede en EE.UU., Ralph Atkinson. Con gran experiencia en codificaci\u00f3n personalizada de alta gama y sistemas web avanzados. Esta colaboraci\u00f3n ampli\u00f3 las capacidades t\u00e9cnicas de la agencia y posicion\u00f3 a Mallorca Graphics como proveedor de soluciones digitales completas.  <\/p>\n<\/div><\/div>\n<\/div>\n<\/div>\n<\/div>\n<\/div>\n<\/div>\n\n<div class=\"et_pb_section_2 et_pb_section et_section_regular et_block_section et_pb_section_parallax\"><span class=\"et-pb-parallax-wrapper\"><span class=\"et-pb-parallax-background et-pb-parallax-background-module--divi-section-2\" style=\"background-image:url(https:\/\/mallorcagraphics.com\/wp-content\/uploads\/2026\/01\/team-business-people-stacking-hands-1.jpg)\"><\/span><span class=\"et_parallax_gradient\" style=\"background-image:linear-gradient(180deg, rgba(0,0,0,0.5) 0%,rgba(0,0,0,0.75) 100%)\"><\/span><\/span>\n<div class=\"et_pb_row_3 et_pb_row et_flex_row\">\n<div class=\"et_pb_column_3 et_pb_column et-last-child et_flex_column et_pb_css_mix_blend_mode_passthrough et_flex_column_24_24 et_flex_column_24_24_tablet et_flex_column_24_24_phone et_flex_column_24_24_phoneWide et_flex_column_24_24_tabletWide preset--group--divi-column--divi-layout--tshh3ozcbi\">\n<div class=\"et_pb_heading_5 et_pb_heading et_pb_module et_block_module preset--group--divi-heading--divi-font--jnk33ap9dy preset--module--divi-heading--c33f07d9-41e0-421a-8799-5799df695cce\"><div class=\"et_pb_heading_container\"><h2 class=\"et_pb_module_header\">Mallorca Graphics, la agencia de crecimiento digital de alto rendimiento para ti<\/h2><\/div><\/div>\n\n<div class=\"et_pb_text_2 et_pb_text et_pb_bg_layout_light et_pb_module et_block_module et_pb_text_align_center preset--group--divi-text--divi-font-body--a2xyn5e80i preset--module--divi-text--0504de1e-f5ff-4281-ba60-cbbe4edf98bc\"><div class=\"et_pb_text_inner\"><p>Al combinar la sensibilidad del dise\u00f1o europeo con la experiencia t\u00e9cnica de nivel estadounidense, Mallorca Graphics se convirti\u00f3 en una agencia digital totalmente integrada, capaz de gestionar proyectos de principio a fin, desde el concepto y la marca hasta el desarrollo personalizado y las estrategias de crecimiento a largo plazo.<\/p>\n<\/div><\/div>\n\n<div class=\"et_pb_module et_pb_button_module_wrapper et_pb_button_0_wrapper preset--module--divi-button--ab15fb74-61a3-43aa-96b3-41e09aeef654_wrapper preset--module--divi-button--pq1jyn8044_wrapper\"><a class=\"et_pb_button_0 et_pb_button et_pb_bg_layout_light et_pb_module et_block_module preset--module--divi-button--ab15fb74-61a3-43aa-96b3-41e09aeef654 preset--module--divi-button--pq1jyn8044\" href=\"\/contact-mallorca-graphics\/\">Hagamos algo juntos<\/a><\/div>\n<\/div>\n<\/div>\n<\/div>\n\n<div class=\"et_pb_section_3 et_pb_section et_section_regular et_flex_section\">\n<div class=\"et_pb_row_4 et_pb_row et_flex_row\">\n<div class=\"et_pb_column_4 et_pb_column et-last-child et_flex_column et_pb_css_mix_blend_mode_passthrough et_flex_column_24_24 et_flex_column_24_24_tablet et_flex_column_24_24_phone et_flex_column_24_24_phoneWide et_flex_column_24_24_tabletWide\">\n<div class=\"et_pb_icon_0 et_pb_icon et_pb_module et_flex_module preset--group--divi-icon--divi-layout--tshh3ozcbi\"><span class=\"et_pb_icon_wrap\"><span class=\"et-pb-icon\">\ue066<\/span><\/span>\n<div class=\"et_pb_heading_6 et_pb_heading et_pb_module et_flex_module preset--group--divi-heading--divi-font--qrdb463msw\"><div class=\"et_pb_heading_container\"><h3 class=\"et_pb_module_header\">Una agencia moderna sin gastos innecesarios<\/h3><\/div><\/div>\n\n<div class=\"et_pb_text_3 et_pb_text et_pb_bg_layout_light et_pb_module et_flex_module preset--group--divi-text--divi-font-body--yw843l4qtf\"><div class=\"et_pb_text_inner\"><p><strong>\u00bfD\u00f3nde est\u00e1 nuestra oficina?<\/strong><br \/>A menudo decimos <em>\"tenemos varias oficinas\"<\/em>, no por los edificios, sino porque los propietarios, y otros miembros del equipo, est\u00e1n situados en distintos lugares e incluso en distintos continentes.<\/p>\n<p>Y lo que es m\u00e1s importante, trabajar a distancia nos permite centrar la inversi\u00f3n de nuestros clientes donde m\u00e1s importa: estrategia, dise\u00f1o, desarrollo y rendimiento, no en costosos espacios de oficina. Creemos que no tiene sentido cobrar m\u00e1s a los clientes por mantener una oficina f\u00edsica cuando las modernas herramientas de colaboraci\u00f3n digital nos permiten trabajar en l\u00ednea de forma m\u00e1s r\u00e1pida, inteligente y eficaz. <\/p>\n<p>Cuando se necesita una interacci\u00f3n directa -debates sobre proyectos, sesiones de estrategia o apoyo continuo- siempre estamos a una llamada o a una videoconferencia de distancia. Y para los clientes que residen en la costa este de EE.UU. o en Mallorca (Espa\u00f1a), y prefieren las reuniones cara a cara, estaremos encantados de reunirnos en persona previa cita. <\/p>\n<p>Este enfoque flexible y moderno nos permite ofrecer calidad superior, precios transparentes y soluciones digitales rentables a una creciente lista de clientes satisfechos en toda Espa\u00f1a.<\/p>\n<\/div><\/div>\n<\/div>\n<\/div>\n<\/div>\n<\/div>\n\n<div class=\"et_pb_section_4 et_pb_section et_section_regular et_flex_section\">\n<div class=\"et_pb_row_5 et_pb_row et_flex_row\">\n<div class=\"et_pb_column_5 et_pb_column et-last-child et_flex_column et_pb_css_mix_blend_mode_passthrough et_flex_column_24_24 et_flex_column_24_24_tablet et_flex_column_24_24_phone et_flex_column_24_24_phoneWide et_flex_column_24_24_tabletWide\">\n<div class=\"et_pb_heading_7 et_pb_heading et_pb_module et_flex_module preset--group--divi-heading--divi-font--qrdb463msw\"><div class=\"et_pb_heading_container\"><h2 class=\"et_pb_module_header\">Desde la estrategia hasta la ejecuci\u00f3n, creamos experiencias digitales que convierten y hacen crecer los negocios.<\/h2><\/div><\/div>\n<\/div>\n<\/div>\n<\/div>\n\n<div class=\"et_pb_section_5 et_pb_section et_section_regular et_flex_section preset--group--divi-section--divi-spacing--5fxy1gfizv\"><span class=\"et_pb_background_pattern\"><\/span>\n<div class=\"et_pb_row_6 et_pb_row et_flex_row preset--group--divi-row--divi-spacing--4z7pw4fqm0 preset--group--divi-row--divi-spacing--lrbzdbnxui\">\n<div class=\"et_pb_column_6 et_pb_column et-last-child et_flex_column et_pb_css_mix_blend_mode_passthrough et_flex_column_24_24 et_flex_column_24_24_tablet et_flex_column_24_24_phone et_flex_column_24_24_phoneWide et_flex_column_24_24_tabletWide preset--group--divi-column--divi-layout--tshh3ozcbi\">\n<div class=\"et_pb_heading_8 et_pb_heading et_pb_module et_flex_module preset--group--divi-heading--divi-font--jnk33ap9dy\"><div class=\"et_pb_heading_container\"><h2 class=\"et_pb_module_header\">Construyamos algo que funcione<\/h2><\/div>\n<div class=\"et_pb_text_4 et_pb_text et_pb_bg_layout_light et_pb_module et_flex_module preset--group--divi-text--divi-font-body--a2xyn5e80i\"><div class=\"et_pb_text_inner\"><p class=\"p1\">Si buscas una agencia digital fiable que combine dise\u00f1o, desarrollo y estrategia, estamos preparados para ayudarte a crear soluciones digitales que conviertan, escalen y hagan crecer tu negocio.<\/p>\n<\/div><\/div>\n\n<div class=\"et_pb_module et_pb_button_module_wrapper et_pb_button_1_wrapper preset--module--divi-button--ab15fb74-61a3-43aa-96b3-41e09aeef654_wrapper preset--module--divi-button--pq1jyn8044_wrapper\"><a class=\"et_pb_button_1 et_pb_button et_pb_bg_layout_light et_pb_module et_block_module preset--module--divi-button--ab15fb74-61a3-43aa-96b3-41e09aeef654 preset--module--divi-button--pq1jyn8044\" href=\"\/contact-mallorca-graphics\/\">Hagamos algo juntos<\/a><\/div>\n<\/div>\n<\/div>\n<\/div>\n<\/div>","protected":false},"excerpt":{"rendered":"","protected":false},"author":1,"featured_media":0,"parent":0,"menu_order":0,"comment_status":"closed","ping_status":"closed","template":"","meta":{"iawp_total_views":9,"footnotes":""},"class_list":["post-987516761","page","type-page","status-publish","hentry"],"yoast_head":"<!-- This site is optimized with the Yoast SEO Premium plugin v27.3 (Yoast SEO v27.4) - https:\/\/yoast.com\/product\/yoast-seo-premium-wordpress\/ -->\n<title>Acerca de - Mallorca Graphics<\/title>\n<meta name=\"robots\" content=\"index, follow, max-snippet:-1, max-image-preview:large, max-video-preview:-1\" \/>\n<link rel=\"canonical\" href=\"https:\/\/mallorcagraphics.com\/es\/acerca-de\/\" \/>\n<meta property=\"og:locale\" content=\"es_ES\" \/>\n<meta property=\"og:type\" content=\"article\" \/>\n<meta property=\"og:title\" content=\"Acerca de\" \/>\n<meta property=\"og:url\" content=\"https:\/\/mallorcagraphics.com\/es\/acerca-de\/\" \/>\n<meta property=\"og:site_name\" content=\"Mallorca Graphics\" \/>\n<meta property=\"article:publisher\" content=\"https:\/\/www.facebook.com\/MallorcaGraphics\" \/>\n<meta property=\"article:modified_time\" content=\"2026-02-14T16:36:51+00:00\" \/>\n<meta name=\"twitter:card\" content=\"summary_large_image\" \/>\n<script type=\"application\/ld+json\" class=\"yoast-schema-graph\">{\"@context\":\"https:\\\/\\\/schema.org\",\"@graph\":[{\"@type\":\"WebPage\",\"@id\":\"https:\\\/\\\/mallorcagraphics.com\\\/es\\\/acerca-de\\\/\",\"url\":\"https:\\\/\\\/mallorcagraphics.com\\\/es\\\/acerca-de\\\/\",\"name\":\"Acerca de - Mallorca Graphics\",\"isPartOf\":{\"@id\":\"https:\\\/\\\/mallorcagraphics.com\\\/es\\\/#website\"},\"datePublished\":\"2026-01-04T12:51:35+00:00\",\"dateModified\":\"2026-02-14T16:36:51+00:00\",\"breadcrumb\":{\"@id\":\"https:\\\/\\\/mallorcagraphics.com\\\/es\\\/acerca-de\\\/#breadcrumb\"},\"inLanguage\":\"es\",\"potentialAction\":[{\"@type\":\"ReadAction\",\"target\":[\"https:\\\/\\\/mallorcagraphics.com\\\/es\\\/acerca-de\\\/\"]}]},{\"@type\":\"BreadcrumbList\",\"@id\":\"https:\\\/\\\/mallorcagraphics.com\\\/es\\\/acerca-de\\\/#breadcrumb\",\"itemListElement\":[{\"@type\":\"ListItem\",\"position\":1,\"name\":\"Home\",\"item\":\"https:\\\/\\\/mallorcagraphics.com\\\/es\\\/\"},{\"@type\":\"ListItem\",\"position\":2,\"name\":\"Acerca de\"}]},{\"@type\":\"WebSite\",\"@id\":\"https:\\\/\\\/mallorcagraphics.com\\\/es\\\/#website\",\"url\":\"https:\\\/\\\/mallorcagraphics.com\\\/es\\\/\",\"name\":\"Mallorca Graphics\",\"description\":\"\",\"publisher\":{\"@id\":\"https:\\\/\\\/mallorcagraphics.com\\\/es\\\/#organization\"},\"potentialAction\":[{\"@type\":\"SearchAction\",\"target\":{\"@type\":\"EntryPoint\",\"urlTemplate\":\"https:\\\/\\\/mallorcagraphics.com\\\/es\\\/?s={search_term_string}\"},\"query-input\":{\"@type\":\"PropertyValueSpecification\",\"valueRequired\":true,\"valueName\":\"search_term_string\"}}],\"inLanguage\":\"es\"},{\"@type\":\"Organization\",\"@id\":\"https:\\\/\\\/mallorcagraphics.com\\\/es\\\/#organization\",\"name\":\"Mallorca Graphics\",\"url\":\"https:\\\/\\\/mallorcagraphics.com\\\/es\\\/\",\"logo\":{\"@type\":\"ImageObject\",\"inLanguage\":\"es\",\"@id\":\"https:\\\/\\\/mallorcagraphics.com\\\/es\\\/#\\\/schema\\\/logo\\\/image\\\/\",\"url\":\"https:\\\/\\\/mallorcagraphics.com\\\/wp-content\\\/uploads\\\/2026\\\/01\\\/Logo_header_200px.png\",\"contentUrl\":\"https:\\\/\\\/mallorcagraphics.com\\\/wp-content\\\/uploads\\\/2026\\\/01\\\/Logo_header_200px.png\",\"width\":200,\"height\":61,\"caption\":\"Mallorca Graphics\"},\"image\":{\"@id\":\"https:\\\/\\\/mallorcagraphics.com\\\/es\\\/#\\\/schema\\\/logo\\\/image\\\/\"},\"sameAs\":[\"https:\\\/\\\/www.facebook.com\\\/MallorcaGraphics\",\"https:\\\/\\\/www.linkedin.com\\\/company\\\/mallorca-graphics\\\/\",\"https:\\\/\\\/www.instagram.com\\\/mallorca.graphics\\\/\",\"https:\\\/\\\/www.youtube.com\\\/@Mallorca.Graphics\\\/\"]}]}<\/script>\n<!-- \/ Yoast SEO Premium plugin. -->","yoast_head_json":{"title":"Acerca de - Mallorca Graphics","robots":{"index":"index","follow":"follow","max-snippet":"max-snippet:-1","max-image-preview":"max-image-preview:large","max-video-preview":"max-video-preview:-1"},"canonical":"https:\/\/mallorcagraphics.com\/es\/acerca-de\/","og_locale":"es_ES","og_type":"article","og_title":"Acerca de","og_url":"https:\/\/mallorcagraphics.com\/es\/acerca-de\/","og_site_name":"Mallorca Graphics","article_publisher":"https:\/\/www.facebook.com\/MallorcaGraphics","article_modified_time":"2026-02-14T16:36:51+00:00","twitter_card":"summary_large_image","schema":{"@context":"https:\/\/schema.org","@graph":[{"@type":"WebPage","@id":"https:\/\/mallorcagraphics.com\/es\/acerca-de\/","url":"https:\/\/mallorcagraphics.com\/es\/acerca-de\/","name":"Acerca de - Mallorca Graphics","isPartOf":{"@id":"https:\/\/mallorcagraphics.com\/es\/#website"},"datePublished":"2026-01-04T12:51:35+00:00","dateModified":"2026-02-14T16:36:51+00:00","breadcrumb":{"@id":"https:\/\/mallorcagraphics.com\/es\/acerca-de\/#breadcrumb"},"inLanguage":"es","potentialAction":[{"@type":"ReadAction","target":["https:\/\/mallorcagraphics.com\/es\/acerca-de\/"]}]},{"@type":"BreadcrumbList","@id":"https:\/\/mallorcagraphics.com\/es\/acerca-de\/#breadcrumb","itemListElement":[{"@type":"ListItem","position":1,"name":"Home","item":"https:\/\/mallorcagraphics.com\/es\/"},{"@type":"ListItem","position":2,"name":"Acerca de"}]},{"@type":"WebSite","@id":"https:\/\/mallorcagraphics.com\/es\/#website","url":"https:\/\/mallorcagraphics.com\/es\/","name":"Mallorca Graphics","description":"","publisher":{"@id":"https:\/\/mallorcagraphics.com\/es\/#organization"},"potentialAction":[{"@type":"SearchAction","target":{"@type":"EntryPoint","urlTemplate":"https:\/\/mallorcagraphics.com\/es\/?s={search_term_string}"},"query-input":{"@type":"PropertyValueSpecification","valueRequired":true,"valueName":"search_term_string"}}],"inLanguage":"es"},{"@type":"Organization","@id":"https:\/\/mallorcagraphics.com\/es\/#organization","name":"Mallorca Graphics","url":"https:\/\/mallorcagraphics.com\/es\/","logo":{"@type":"ImageObject","inLanguage":"es","@id":"https:\/\/mallorcagraphics.com\/es\/#\/schema\/logo\/image\/","url":"https:\/\/mallorcagraphics.com\/wp-content\/uploads\/2026\/01\/Logo_header_200px.png","contentUrl":"https:\/\/mallorcagraphics.com\/wp-content\/uploads\/2026\/01\/Logo_header_200px.png","width":200,"height":61,"caption":"Mallorca Graphics"},"image":{"@id":"https:\/\/mallorcagraphics.com\/es\/#\/schema\/logo\/image\/"},"sameAs":["https:\/\/www.facebook.com\/MallorcaGraphics","https:\/\/www.linkedin.com\/company\/mallorca-graphics\/","https:\/\/www.instagram.com\/mallorca.graphics\/","https:\/\/www.youtube.com\/@Mallorca.Graphics\/"]}]}},"_links":{"self":[{"href":"https:\/\/mallorcagraphics.com\/es\/wp-json\/wp\/v2\/pages\/987516761","targetHints":{"allow":["GET"]}}],"collection":[{"href":"https:\/\/mallorcagraphics.com\/es\/wp-json\/wp\/v2\/pages"}],"about":[{"href":"https:\/\/mallorcagraphics.com\/es\/wp-json\/wp\/v2\/types\/page"}],"author":[{"embeddable":true,"href":"https:\/\/mallorcagraphics.com\/es\/wp-json\/wp\/v2\/users\/1"}],"replies":[{"embeddable":true,"href":"https:\/\/mallorcagraphics.com\/es\/wp-json\/wp\/v2\/comments?post=987516761"}],"version-history":[{"count":1,"href":"https:\/\/mallorcagraphics.com\/es\/wp-json\/wp\/v2\/pages\/987516761\/revisions"}],"predecessor-version":[{"id":987516763,"href":"https:\/\/mallorcagraphics.com\/es\/wp-json\/wp\/v2\/pages\/987516761\/revisions\/987516763"}],"wp:attachment":[{"href":"https:\/\/mallorcagraphics.com\/es\/wp-json\/wp\/v2\/media?parent=987516761"}],"curies":[{"name":"wp","href":"https:\/\/api.w.org\/{rel}","templated":true}]}}