{"id":987516728,"date":"2026-01-14T18:17:53","date_gmt":"2026-01-14T18:17:53","guid":{"rendered":"https:\/\/mallorcagraphics.com\/marca\/"},"modified":"2026-02-14T16:36:33","modified_gmt":"2026-02-14T16:36:33","slug":"marca","status":"publish","type":"page","link":"https:\/\/mallorcagraphics.com\/es\/marca\/","title":{"rendered":"Marca"},"content":{"rendered":"<div class=\"et_pb_section_0 et_pb_section et_section_regular et_block_section preset--module--divi-section--74c69059-8e69-4122-b1e6-dfeabf6c5711\"><span class=\"et_pb_background_pattern\"><\/span>\n<div class=\"et_pb_row_0 et_pb_row et_flex_row preset--group--divi-row--divi-layout--tshh3ozcbi\">\n<div class=\"et_pb_column_0 et_pb_column et-last-child et_flex_column et_pb_css_mix_blend_mode_passthrough et_flex_column_24_24 et_flex_column_24_24_tablet et_flex_column_24_24_phone et_flex_column_24_24_phoneWide et_flex_column_24_24_tabletWide preset--group--divi-column--divi-layout--tshh3ozcbi\">\n<div class=\"et_pb_heading_0 et_pb_heading et_pb_module et_flex_module preset--group--divi-heading--divi-font--1jfqcrlnpb\"><div class=\"et_pb_heading_container\"><h1 class=\"et_pb_module_header\">Marca \ud83e\udde9<\/h1><\/div><\/div>\n\n<div class=\"et_pb_heading_1 et_pb_heading et_pb_module et_flex_module\"><div class=\"et_pb_heading_container\"><h3 class=\"et_pb_module_header\">La marca genera confianza y reconocimiento<\/h3><\/div><\/div>\n<\/div>\n<\/div>\n<\/div>\n\n<div class=\"et_pb_section_1 et_pb_section et_section_regular et_flex_section\">\n<div class=\"et_pb_row_1 et_pb_row et_flex_row\">\n<div class=\"et_pb_column_1 et_pb_column et-last-child et_flex_column et_pb_css_mix_blend_mode_passthrough et_flex_column_24_24 et_flex_column_24_24_tablet et_flex_column_24_24_phone et_flex_column_24_24_phoneWide et_flex_column_24_24_tabletWide preset--group--divi-column--divi-layout--tshh3ozcbi\">\n<div class=\"et_pb_heading_2 et_pb_heading et_pb_module et_flex_module preset--group--divi-heading--divi-font--jnk33ap9dy\"><div class=\"et_pb_heading_container\"><h2 class=\"et_pb_module_header\">Una marca s\u00f3lida define qui\u00e9n eres, genera confianza e impulsa el crecimiento empresarial a largo plazo<\/h2><\/div><\/div>\n\n<div class=\"et_pb_heading_3 et_pb_heading et_pb_module et_flex_module preset--group--divi-heading--divi-font--qrdb463msw\"><div class=\"et_pb_heading_container\"><h3 class=\"et_pb_module_header\">Una marca fuerte es esencial para destacar, generar confianza y crear reconocimiento. Mallorca Graphics tiene experiencia en empresas de Espa\u00f1a (Mallorca), Europa y EE.UU., desarrollamos marcas claras y coherentes que impulsan el crecimiento. <\/h3><\/div><\/div>\n<\/div>\n<\/div>\n<\/div>\n\n<div class=\"et_pb_section_2 et_pb_section et_section_regular et_flex_section\">\n<div class=\"et_pb_row_2 et_pb_row et_flex_row preset--group--divi-row--divi-layout--tshh3ozcbi\">\n<div class=\"et_pb_column_2 et_pb_column et-last-child et_flex_column et_pb_css_mix_blend_mode_passthrough et_flex_column_24_24 et_flex_column_24_24_tablet et_flex_column_24_24_phone et_flex_column_24_24_phoneWide et_flex_column_24_24_tabletWide\">\n<div class=\"et_pb_heading_4 et_pb_heading et_pb_module et_flex_module preset--group--divi-heading--divi-font--qrdb463msw\"><div class=\"et_pb_heading_container\"><h3 class=\"et_pb_module_header\">\u00bfQu\u00e9 es el Branding (Rebranding)?<\/h3><\/div><\/div>\n<\/div>\n<\/div>\n\n<div class=\"et_pb_row_3 et_pb_row et_flex_row\">\n<div class=\"et_pb_column_3 et_pb_column et_flex_column et_pb_css_mix_blend_mode_passthrough et_flex_column_1_5 et_flex_column_12_24_tablet et_flex_column_24_24_phone et_flex_column_24_24_phoneWide et_flex_column_12_24_tabletWide\">\n<div class=\"et_pb_blurb_0 et_pb_blurb et_pb_bg_layout_light et_pb_blurb_position_top et_pb_module et_flex_module preset--group--divi-blurb--divi-font--c23gkk29fu\"><div class=\"et_pb_blurb_content et_flex_module\"><div class=\"et_pb_main_blurb_image\"><span class=\"et_pb_image_wrap et_pb_only_image_mode_wrap\"><img loading=\"lazy\" decoding=\"async\" src=\"https:\/\/mallorcagraphics.com\/wp-content\/uploads\/2026\/01\/icon-visibility.png\" alt=\"Brand strategy &amp; positioning\" width=\"128\" height=\"128\" srcset=\"https:\/\/mallorcagraphics.com\/wp-content\/uploads\/2026\/01\/icon-visibility.png 128w\" sizes=\"(max-width: 128px) 100vw, 128px\" class=\"wp-image-987516250\" title=\"icon-visibility\" \/><\/span><\/div><div class=\"et_pb_blurb_container\"><h5 class=\"et_pb_module_header\">Estrategia y posicionamiento de marca<\/h5><div class=\"et_pb_blurb_description\"><p>Define tu objetivo, posici\u00f3n en el mercado y ventaja competitiva<\/p>\n<\/div><\/div><\/div><\/div>\n<\/div>\n\n<div class=\"et_pb_column_4 et_pb_column et_flex_column et_pb_css_mix_blend_mode_passthrough et_flex_column_1_5 et_flex_column_12_24_tablet et_flex_column_24_24_phone et_flex_column_24_24_phoneWide et_flex_column_12_24_tabletWide\">\n<div class=\"et_pb_blurb_1 et_pb_blurb et_pb_bg_layout_light et_pb_blurb_position_top et_pb_module et_flex_module preset--group--divi-blurb--divi-font--c23gkk29fu\"><div class=\"et_pb_blurb_content et_flex_module\"><div class=\"et_pb_main_blurb_image\"><span class=\"et_pb_image_wrap et_pb_only_image_mode_wrap\"><img loading=\"lazy\" decoding=\"async\" src=\"https:\/\/mallorcagraphics.com\/wp-content\/uploads\/2026\/01\/icon-image-.png\" alt=\"Visual identity\" width=\"128\" height=\"128\" srcset=\"https:\/\/mallorcagraphics.com\/wp-content\/uploads\/2026\/01\/icon-image-.png 128w\" sizes=\"(max-width: 128px) 100vw, 128px\" class=\"wp-image-987516249\" title=\"icon-image-\" \/><\/span><\/div><div class=\"et_pb_blurb_container\"><h5 class=\"et_pb_module_header\">Identidad visual (colores y tipos de letra)<\/h5><div class=\"et_pb_blurb_description\"><p>Crea un aspecto reconocible a trav\u00e9s del logotipo, los colores y los tipos de letra<\/p>\n<\/div><\/div><\/div><\/div>\n<\/div>\n\n<div class=\"et_pb_column_5 et_pb_column et_flex_column et_pb_css_mix_blend_mode_passthrough et_flex_column_1_5 et_flex_column_12_24_tablet et_flex_column_24_24_phone et_flex_column_24_24_phoneWide et_flex_column_12_24_tabletWide\">\n<div class=\"et_pb_blurb_2 et_pb_blurb et_pb_bg_layout_light et_pb_blurb_position_top et_pb_module et_flex_module preset--group--divi-blurb--divi-font--c23gkk29fu\"><div class=\"et_pb_blurb_content et_flex_module\"><div class=\"et_pb_main_blurb_image\"><span class=\"et_pb_image_wrap et_pb_only_image_mode_wrap\"><img loading=\"lazy\" decoding=\"async\" src=\"https:\/\/mallorcagraphics.com\/wp-content\/uploads\/2026\/01\/icon-voice.png\" alt=\"Brand tone\" width=\"128\" height=\"128\" srcset=\"https:\/\/mallorcagraphics.com\/wp-content\/uploads\/2026\/01\/icon-voice.png 128w\" sizes=\"(max-width: 128px) 100vw, 128px\" class=\"wp-image-987516251\" title=\"icon-voice\" \/><\/span><\/div><div class=\"et_pb_blurb_container\"><h5 class=\"et_pb_module_header\">Mensajes de marca y tono de voz<\/h5><div class=\"et_pb_blurb_description\"><p>Comunica de forma clara y coherente, con tu audiencia<\/p>\n<\/div><\/div><\/div><\/div>\n<\/div>\n\n<div class=\"et_pb_column_6 et_pb_column et-last-child et_flex_column et_pb_css_mix_blend_mode_passthrough et_flex_column_1_5 et_flex_column_12_24_tablet et_flex_column_24_24_phone et_flex_column_24_24_phoneWide et_flex_column_12_24_tabletWide\">\n<div class=\"et_pb_blurb_3 et_pb_blurb et_pb_bg_layout_light et_pb_blurb_position_top et_pb_module et_flex_module preset--group--divi-blurb--divi-font--c23gkk29fu\"><div class=\"et_pb_blurb_content et_flex_module\"><div class=\"et_pb_main_blurb_image\"><span class=\"et_pb_image_wrap et_pb_only_image_mode_wrap\"><img loading=\"lazy\" decoding=\"async\" src=\"https:\/\/mallorcagraphics.com\/wp-content\/uploads\/2026\/01\/icon-target-audience.png\" alt=\"Target audience\" width=\"128\" height=\"128\" srcset=\"https:\/\/mallorcagraphics.com\/wp-content\/uploads\/2026\/01\/icon-target-audience.png 128w\" sizes=\"(max-width: 128px) 100vw, 128px\" class=\"wp-image-987516252\" title=\"icon-target-audience\" \/><\/span><\/div><div class=\"et_pb_blurb_container\"><h5 class=\"et_pb_module_header\">Definici\u00f3n del p\u00fablico objetivo<\/h5><div class=\"et_pb_blurb_description\"><p>Identifica a los clientes ideales para orientar las decisiones de marca<\/p>\n<\/div><\/div><\/div><\/div>\n<\/div>\n<\/div>\n<\/div>\n\n<div class=\"et_pb_section_3 et_pb_section et_section_regular et_block_section et_pb_section_parallax\"><span class=\"et-pb-parallax-wrapper\"><span class=\"et-pb-parallax-background et-pb-parallax-background-module--divi-section-3\" style=\"background-image:url(https:\/\/mallorcagraphics.com\/wp-content\/uploads\/2026\/01\/2258.jpg)\"><\/span><span class=\"et_parallax_gradient\" style=\"background-image:linear-gradient(180deg, rgba(0,0,0,0.5) 0%,rgba(0,0,0,0.75) 100%)\"><\/span><\/span>\n<div class=\"et_pb_row_4 et_pb_row et_flex_row\">\n<div class=\"et_pb_column_7 et_pb_column et-last-child et_flex_column et_pb_css_mix_blend_mode_passthrough et_flex_column_24_24 et_flex_column_24_24_tablet et_flex_column_24_24_phone et_flex_column_24_24_phoneWide et_flex_column_24_24_tabletWide preset--group--divi-column--divi-layout--tshh3ozcbi\">\n<div class=\"et_pb_heading_5 et_pb_heading et_pb_module et_block_module preset--module--divi-heading--c33f07d9-41e0-421a-8799-5799df695cce\"><div class=\"et_pb_heading_container\"><h2 class=\"et_pb_module_header\">Un branding fuerte convierte a las empresas en marcas<\/h2><\/div><\/div>\n\n<div class=\"et_pb_text_0 et_pb_text et_pb_bg_layout_light et_pb_module et_block_module et_pb_text_align_center preset--module--divi-text--0504de1e-f5ff-4281-ba60-cbbe4edf98bc\"><div class=\"et_pb_text_inner\"><p>Un branding fuerte convierte a las empresas en marcas reconocibles al generar confianza, aumentar la visibilidad y crear una identidad de marca coherente que atrae a los clientes, refuerza la fidelidad e impulsa el crecimiento empresarial a largo plazo en Internet.<\/p>\n<\/div><\/div>\n\n<div class=\"et_pb_module et_pb_button_module_wrapper et_pb_button_0_wrapper preset--module--divi-button--ab15fb74-61a3-43aa-96b3-41e09aeef654_wrapper preset--module--divi-button--pq1jyn8044_wrapper\"><a class=\"et_pb_button_0 et_pb_button et_pb_bg_layout_light et_pb_module et_block_module preset--module--divi-button--ab15fb74-61a3-43aa-96b3-41e09aeef654 preset--module--divi-button--pq1jyn8044\" href=\"\/contact-mallorca-graphics\/\">Hagamos algo juntos<\/a><\/div>\n<\/div>\n<\/div>\n<\/div>\n\n<div class=\"et_pb_section_4 et_pb_section et_section_regular et_flex_section\">\n<div class=\"et_pb_row_5 et_pb_row et_flex_row\">\n<div class=\"et_pb_column_8 et_pb_column et-last-child et_flex_column et_pb_css_mix_blend_mode_passthrough et_flex_column_24_24 et_flex_column_24_24_tablet et_flex_column_24_24_phone et_flex_column_24_24_phoneWide et_flex_column_24_24_tabletWide\">\n<div class=\"et_pb_row_6 et_pb_row et_pb_row_nested et_flex_row\">\n<div class=\"et_pb_column_9 et_pb_column et_flex_column et_pb_css_mix_blend_mode_passthrough et_flex_column_12_24 et_flex_column_12_24_tablet et_flex_column_24_24_phone et_flex_column_24_24_phoneWide et_flex_column_12_24_tabletWide preset--group--divi-column--divi-layout--tshh3ozcbi\">\n<div class=\"et_pb_icon_0 et_pb_icon et_pb_module et_flex_module preset--group--divi-icon--divi-layout--tshh3ozcbi\"><span class=\"et_pb_icon_wrap\"><span class=\"et-pb-icon\">\uf1f9<\/span><\/span>\n<div class=\"et_pb_heading_6 et_pb_heading et_pb_module et_flex_module preset--group--divi-heading--divi-font--qrdb463msw\"><div class=\"et_pb_heading_container\"><h3 class=\"et_pb_module_header\">La marca siempre ha sido un elemento crucial del \u00e9xito<\/h3><\/div><\/div>\n\n<div class=\"et_pb_text_1 et_pb_text et_pb_bg_layout_light et_pb_module et_flex_module preset--group--divi-text--divi-font-body--yw843l4qtf\"><div class=\"et_pb_text_inner\"><p>En el pasado, las empresas pod\u00edan tener \u00e9xito en gran medida a trav\u00e9s de ubicaciones f\u00edsicas s\u00f3lidas. Hoy, en un mercado altamente digital e interactivo, el branding estrat\u00e9gico y el marketing de marca son esenciales para el crecimiento a largo plazo. Un socio inteligente para la creaci\u00f3n de marcas ayuda a elevar tu presencia y a reforzar tu ventaja competitiva.  <\/p>\n<p>Una marca eficaz genera confianza, credibilidad y reconocimiento, haciendo que tu empresa sea memorable tanto para los clientes actuales como para los potenciales. Incluso con una fuerte conciencia de marca, la coherencia debe equilibrarse con actualizaciones oportunas. En lugar de revisiones frecuentes, las mejoras meditadas mantienen la relevancia de las marcas. En Mallorca Graphics, ayudamos a las empresas a evolucionar su marca con claridad, estrategia y experiencia creativa.   <\/p>\n<\/div><\/div>\n<\/div>\n<\/div>\n\n<div class=\"et_pb_column_10 et_pb_column et-last-child et_flex_column et_pb_css_mix_blend_mode_passthrough et_flex_column_12_24 et_flex_column_12_24_tablet et_flex_column_24_24_phone et_flex_column_24_24_phoneWide et_flex_column_12_24_tabletWide\">\n<div class=\"et_pb_icon_1 et_pb_icon et_pb_module et_flex_module preset--group--divi-icon--divi-layout--tshh3ozcbi\"><span class=\"et_pb_icon_wrap\"><span class=\"et-pb-icon\">\uf3ed<\/span><\/span>\n<div class=\"et_pb_heading_7 et_pb_heading et_pb_module et_flex_module preset--group--divi-heading--divi-font--qrdb463msw\"><div class=\"et_pb_heading_container\"><h3 class=\"et_pb_module_header\">\u00bfC\u00f3mo puede ayudarte Mallorca Graphics en este proceso de creaci\u00f3n de marca?<\/h3><\/div><\/div>\n\n<div class=\"et_pb_text_2 et_pb_text et_pb_bg_layout_light et_pb_module et_flex_module preset--group--divi-text--divi-font-body--yw843l4qtf\"><div class=\"et_pb_text_inner\"><p>En Mallorca Graphics, apoyamos tanto a las nuevas empresas como a los negocios establecidos con soluciones de marca flexibles y profesionales.<\/p>\n<p>Tanto si necesitas un logotipo distintivo que capte la identidad de tu marca como un paquete de marca completo que incluya el dise\u00f1o del sitio web, papeler\u00eda y materiales de marketing, adaptamos nuestros servicios a tus objetivos.<\/p>\n<p>A las empresas que buscan una agencia de branding de confianza para renovar su identidad visual o crear una marca desde cero, les invitamos a ponerse en contacto. Nuestra agencia creativa se centra en el desarrollo estrat\u00e9gico de marcas que refuerzan la visibilidad, la coherencia y el crecimiento a largo plazo. Ponte en contacto con nosotros hoy mismo para hablar de tu proyecto.  <\/p>\n<\/div><\/div>\n<\/div>\n<\/div>\n<\/div>\n<\/div>\n<\/div>\n<\/div>\n\n<div class=\"et_pb_section_5 et_pb_section et_section_regular et_flex_section\">\n<div class=\"et_pb_row_7 et_pb_row et_flex_row\">\n<div class=\"et_pb_column_11 et_pb_column et-last-child et_flex_column et_pb_css_mix_blend_mode_passthrough et_flex_column_24_24 et_flex_column_24_24_tablet et_flex_column_24_24_phone et_flex_column_24_24_phoneWide et_flex_column_24_24_tabletWide\">\n<div class=\"et_pb_heading_8 et_pb_heading et_pb_module et_flex_module\"><div class=\"et_pb_heading_container\"><h2 class=\"et_pb_module_header\">El branding estrat\u00e9gico genera confianza, aumenta la visibilidad e impulsa el crecimiento empresarial a largo plazo en Internet.<\/h2><\/div><\/div>\n<\/div>\n<\/div>\n<\/div>\n\n<div class=\"et_pb_section_6 et_pb_section et_section_regular et_flex_section preset--group--divi-section--divi-spacing--5fxy1gfizv\"><span class=\"et_pb_background_pattern\"><\/span>\n<div class=\"et_pb_row_8 et_pb_row et_flex_row preset--group--divi-row--divi-spacing--4z7pw4fqm0 preset--group--divi-row--divi-spacing--lrbzdbnxui\">\n<div class=\"et_pb_column_12 et_pb_column et-last-child et_flex_column et_pb_css_mix_blend_mode_passthrough et_flex_column_24_24 et_flex_column_24_24_tablet et_flex_column_24_24_phone et_flex_column_24_24_phoneWide et_flex_column_24_24_tabletWide preset--group--divi-column--divi-layout--tshh3ozcbi\">\n<div class=\"et_pb_heading_9 et_pb_heading et_pb_module et_flex_module preset--group--divi-heading--divi-font--jnk33ap9dy\"><div class=\"et_pb_heading_container\"><h2 class=\"et_pb_module_header\">Branding profesional que crea marcas fuertes y reconocibles<\/h2><\/div>\n<div class=\"et_pb_text_3 et_pb_text et_pb_bg_layout_light et_pb_module et_flex_module preset--group--divi-text--divi-font-body--a2xyn5e80i\"><div class=\"et_pb_text_inner\"><p class=\"p1\">El branding profesional crea una identidad fuerte y coherente que distingue a tu empresa. Creamos marcas reconocibles mediante un dise\u00f1o estrat\u00e9gico, mensajes claros y elementos visuales cohesivos que aumentan la confianza, la visibilidad y el crecimiento a largo plazo en plataformas digitales e impresas. <\/p>\n<\/div><\/div>\n\n<div class=\"et_pb_module et_pb_button_module_wrapper et_pb_button_1_wrapper preset--module--divi-button--ab15fb74-61a3-43aa-96b3-41e09aeef654_wrapper preset--module--divi-button--pq1jyn8044_wrapper\"><a class=\"et_pb_button_1 et_pb_button et_pb_bg_layout_light et_pb_module et_block_module preset--module--divi-button--ab15fb74-61a3-43aa-96b3-41e09aeef654 preset--module--divi-button--pq1jyn8044\" href=\"\/contact-mallorca-graphics\/\">Hagamos algo juntos<\/a><\/div>\n<\/div>\n<\/div>\n<\/div>\n<\/div>","protected":false},"excerpt":{"rendered":"","protected":false},"author":1,"featured_media":0,"parent":0,"menu_order":0,"comment_status":"closed","ping_status":"closed","template":"","meta":{"iawp_total_views":1,"footnotes":""},"class_list":["post-987516728","page","type-page","status-publish","hentry"],"yoast_head":"<!-- This site is optimized with the Yoast SEO Premium plugin v27.4 (Yoast SEO v27.4) - https:\/\/yoast.com\/product\/yoast-seo-premium-wordpress\/ -->\n<title>Marca - Mallorca Graphics<\/title>\n<meta name=\"robots\" content=\"index, follow, max-snippet:-1, max-image-preview:large, max-video-preview:-1\" \/>\n<link rel=\"canonical\" href=\"https:\/\/mallorcagraphics.com\/es\/marca\/\" \/>\n<meta property=\"og:locale\" content=\"es_ES\" \/>\n<meta property=\"og:type\" content=\"article\" \/>\n<meta property=\"og:title\" content=\"Marca\" \/>\n<meta property=\"og:url\" content=\"https:\/\/mallorcagraphics.com\/es\/marca\/\" \/>\n<meta property=\"og:site_name\" content=\"Mallorca Graphics\" \/>\n<meta property=\"article:publisher\" content=\"https:\/\/www.facebook.com\/MallorcaGraphics\" \/>\n<meta property=\"article:modified_time\" content=\"2026-02-14T16:36:33+00:00\" \/>\n<meta name=\"twitter:card\" content=\"summary_large_image\" \/>\n<script type=\"application\/ld+json\" class=\"yoast-schema-graph\">{\"@context\":\"https:\\\/\\\/schema.org\",\"@graph\":[{\"@type\":\"WebPage\",\"@id\":\"https:\\\/\\\/mallorcagraphics.com\\\/es\\\/marca\\\/\",\"url\":\"https:\\\/\\\/mallorcagraphics.com\\\/es\\\/marca\\\/\",\"name\":\"Marca - Mallorca Graphics\",\"isPartOf\":{\"@id\":\"https:\\\/\\\/mallorcagraphics.com\\\/es\\\/#website\"},\"datePublished\":\"2026-01-14T18:17:53+00:00\",\"dateModified\":\"2026-02-14T16:36:33+00:00\",\"breadcrumb\":{\"@id\":\"https:\\\/\\\/mallorcagraphics.com\\\/es\\\/marca\\\/#breadcrumb\"},\"inLanguage\":\"es\",\"potentialAction\":[{\"@type\":\"ReadAction\",\"target\":[\"https:\\\/\\\/mallorcagraphics.com\\\/es\\\/marca\\\/\"]}]},{\"@type\":\"BreadcrumbList\",\"@id\":\"https:\\\/\\\/mallorcagraphics.com\\\/es\\\/marca\\\/#breadcrumb\",\"itemListElement\":[{\"@type\":\"ListItem\",\"position\":1,\"name\":\"Home\",\"item\":\"https:\\\/\\\/mallorcagraphics.com\\\/es\\\/\"},{\"@type\":\"ListItem\",\"position\":2,\"name\":\"Marca\"}]},{\"@type\":\"WebSite\",\"@id\":\"https:\\\/\\\/mallorcagraphics.com\\\/es\\\/#website\",\"url\":\"https:\\\/\\\/mallorcagraphics.com\\\/es\\\/\",\"name\":\"Mallorca Graphics\",\"description\":\"\",\"publisher\":{\"@id\":\"https:\\\/\\\/mallorcagraphics.com\\\/es\\\/#organization\"},\"potentialAction\":[{\"@type\":\"SearchAction\",\"target\":{\"@type\":\"EntryPoint\",\"urlTemplate\":\"https:\\\/\\\/mallorcagraphics.com\\\/es\\\/?s={search_term_string}\"},\"query-input\":{\"@type\":\"PropertyValueSpecification\",\"valueRequired\":true,\"valueName\":\"search_term_string\"}}],\"inLanguage\":\"es\"},{\"@type\":\"Organization\",\"@id\":\"https:\\\/\\\/mallorcagraphics.com\\\/es\\\/#organization\",\"name\":\"Mallorca Graphics\",\"url\":\"https:\\\/\\\/mallorcagraphics.com\\\/es\\\/\",\"logo\":{\"@type\":\"ImageObject\",\"inLanguage\":\"es\",\"@id\":\"https:\\\/\\\/mallorcagraphics.com\\\/es\\\/#\\\/schema\\\/logo\\\/image\\\/\",\"url\":\"https:\\\/\\\/mallorcagraphics.com\\\/wp-content\\\/uploads\\\/2026\\\/01\\\/Logo_header_200px.png\",\"contentUrl\":\"https:\\\/\\\/mallorcagraphics.com\\\/wp-content\\\/uploads\\\/2026\\\/01\\\/Logo_header_200px.png\",\"width\":200,\"height\":61,\"caption\":\"Mallorca Graphics\"},\"image\":{\"@id\":\"https:\\\/\\\/mallorcagraphics.com\\\/es\\\/#\\\/schema\\\/logo\\\/image\\\/\"},\"sameAs\":[\"https:\\\/\\\/www.facebook.com\\\/MallorcaGraphics\",\"https:\\\/\\\/www.linkedin.com\\\/company\\\/mallorca-graphics\\\/\",\"https:\\\/\\\/www.instagram.com\\\/mallorca.graphics\\\/\",\"https:\\\/\\\/www.youtube.com\\\/@Mallorca.Graphics\\\/\"]}]}<\/script>\n<!-- \/ Yoast SEO Premium plugin. -->","yoast_head_json":{"title":"Marca - Mallorca Graphics","robots":{"index":"index","follow":"follow","max-snippet":"max-snippet:-1","max-image-preview":"max-image-preview:large","max-video-preview":"max-video-preview:-1"},"canonical":"https:\/\/mallorcagraphics.com\/es\/marca\/","og_locale":"es_ES","og_type":"article","og_title":"Marca","og_url":"https:\/\/mallorcagraphics.com\/es\/marca\/","og_site_name":"Mallorca Graphics","article_publisher":"https:\/\/www.facebook.com\/MallorcaGraphics","article_modified_time":"2026-02-14T16:36:33+00:00","twitter_card":"summary_large_image","schema":{"@context":"https:\/\/schema.org","@graph":[{"@type":"WebPage","@id":"https:\/\/mallorcagraphics.com\/es\/marca\/","url":"https:\/\/mallorcagraphics.com\/es\/marca\/","name":"Marca - Mallorca Graphics","isPartOf":{"@id":"https:\/\/mallorcagraphics.com\/es\/#website"},"datePublished":"2026-01-14T18:17:53+00:00","dateModified":"2026-02-14T16:36:33+00:00","breadcrumb":{"@id":"https:\/\/mallorcagraphics.com\/es\/marca\/#breadcrumb"},"inLanguage":"es","potentialAction":[{"@type":"ReadAction","target":["https:\/\/mallorcagraphics.com\/es\/marca\/"]}]},{"@type":"BreadcrumbList","@id":"https:\/\/mallorcagraphics.com\/es\/marca\/#breadcrumb","itemListElement":[{"@type":"ListItem","position":1,"name":"Home","item":"https:\/\/mallorcagraphics.com\/es\/"},{"@type":"ListItem","position":2,"name":"Marca"}]},{"@type":"WebSite","@id":"https:\/\/mallorcagraphics.com\/es\/#website","url":"https:\/\/mallorcagraphics.com\/es\/","name":"Mallorca Graphics","description":"","publisher":{"@id":"https:\/\/mallorcagraphics.com\/es\/#organization"},"potentialAction":[{"@type":"SearchAction","target":{"@type":"EntryPoint","urlTemplate":"https:\/\/mallorcagraphics.com\/es\/?s={search_term_string}"},"query-input":{"@type":"PropertyValueSpecification","valueRequired":true,"valueName":"search_term_string"}}],"inLanguage":"es"},{"@type":"Organization","@id":"https:\/\/mallorcagraphics.com\/es\/#organization","name":"Mallorca Graphics","url":"https:\/\/mallorcagraphics.com\/es\/","logo":{"@type":"ImageObject","inLanguage":"es","@id":"https:\/\/mallorcagraphics.com\/es\/#\/schema\/logo\/image\/","url":"https:\/\/mallorcagraphics.com\/wp-content\/uploads\/2026\/01\/Logo_header_200px.png","contentUrl":"https:\/\/mallorcagraphics.com\/wp-content\/uploads\/2026\/01\/Logo_header_200px.png","width":200,"height":61,"caption":"Mallorca Graphics"},"image":{"@id":"https:\/\/mallorcagraphics.com\/es\/#\/schema\/logo\/image\/"},"sameAs":["https:\/\/www.facebook.com\/MallorcaGraphics","https:\/\/www.linkedin.com\/company\/mallorca-graphics\/","https:\/\/www.instagram.com\/mallorca.graphics\/","https:\/\/www.youtube.com\/@Mallorca.Graphics\/"]}]}},"_links":{"self":[{"href":"https:\/\/mallorcagraphics.com\/es\/wp-json\/wp\/v2\/pages\/987516728","targetHints":{"allow":["GET"]}}],"collection":[{"href":"https:\/\/mallorcagraphics.com\/es\/wp-json\/wp\/v2\/pages"}],"about":[{"href":"https:\/\/mallorcagraphics.com\/es\/wp-json\/wp\/v2\/types\/page"}],"author":[{"embeddable":true,"href":"https:\/\/mallorcagraphics.com\/es\/wp-json\/wp\/v2\/users\/1"}],"replies":[{"embeddable":true,"href":"https:\/\/mallorcagraphics.com\/es\/wp-json\/wp\/v2\/comments?post=987516728"}],"version-history":[{"count":1,"href":"https:\/\/mallorcagraphics.com\/es\/wp-json\/wp\/v2\/pages\/987516728\/revisions"}],"predecessor-version":[{"id":987516729,"href":"https:\/\/mallorcagraphics.com\/es\/wp-json\/wp\/v2\/pages\/987516728\/revisions\/987516729"}],"wp:attachment":[{"href":"https:\/\/mallorcagraphics.com\/es\/wp-json\/wp\/v2\/media?parent=987516728"}],"curies":[{"name":"wp","href":"https:\/\/api.w.org\/{rel}","templated":true}]}}